{"id":5525,"date":"2025-10-27T17:02:29","date_gmt":"2025-10-27T16:02:29","guid":{"rendered":"https:\/\/www.diegluecksburger.de\/life\/?page_id=5525"},"modified":"2025-10-28T13:53:29","modified_gmt":"2025-10-28T12:53:29","slug":"about","status":"publish","type":"page","link":"http:\/\/www.diegluecksburger.de\/life\/about\/","title":{"rendered":"about"},"content":{"rendered":"<div data-colibri-id=\"5525-c1\" class=\"style-227 style-local-5525-c1 position-relative\">\n  <!---->\n  <div data-colibri-component=\"section\" data-colibri-id=\"5525-c2\" id=\"custom\" class=\"h-section h-section-global-spacing d-flex align-items-lg-center align-items-md-center align-items-center style-228 style-local-5525-c2 position-relative\">\n    <!---->\n    <!---->\n    <div class=\"h-section-grid-container h-section-boxed-container\">\n      <!---->\n      <div data-colibri-id=\"5525-c5\" class=\"h-row-container gutters-row-lg-2 gutters-row-md-2 gutters-row-0 gutters-row-v-lg-2 gutters-row-v-md-2 gutters-row-v-2 style-231 style-local-5525-c5 position-relative\">\n        <!---->\n        <div class=\"h-row justify-content-lg-center justify-content-md-center justify-content-center align-items-lg-stretch align-items-md-stretch align-items-stretch gutters-col-lg-2 gutters-col-md-2 gutters-col-0 gutters-col-v-lg-2 gutters-col-v-md-2 gutters-col-v-2\">\n          <!---->\n          <div class=\"h-column h-column-container d-flex h-col-lg-auto h-col-md-auto h-col-auto style-232-outer style-local-5525-c6-outer\">\n            <div data-colibri-id=\"5525-c6\" class=\"d-flex h-flex-basis h-column__inner h-px-lg-2 h-px-md-2 h-px-2 v-inner-lg-2 v-inner-md-2 v-inner-2 style-232 style-local-5525-c6 position-relative\">\n              <!---->\n              <!---->\n              <div class=\"w-100 h-y-container h-column__content h-column__v-align flex-basis-100 align-self-lg-start align-self-md-start align-self-start\">\n                <!---->\n                <div data-colibri-id=\"5525-c7\" class=\"h-text h-text-component style-233 style-local-5525-c7 position-relative h-element\">\n                  <!---->\n                  <!---->\n                  <div class=\"\">\n                    <p>Als ich noch ein junges M\u00e4dchen war, meinte einmal eine alte Freundin zu mir, die Farben in meinem Kleiderschrank seien \u00e4u\u00dferst \u00fcbersichtlich \u2013 neben Schwarz und Wei\u00df existiere so gut wie nichts. Sie hatte damals recht. Eine ganze\n                      Weile trug ich tats\u00e4chlich sehr wenig farbige Kleidung.<\/p>\n                    <p>Als ich dann viele Jahre sp\u00e4ter meine Webseite erstellte und nach einem passenden Namen suchte, erinnerte ich mich an dieses Gespr\u00e4ch. Und mir wurde klar: Das stimmt heute nicht mehr. So entstand der Name LiFe \u2013 lebeninfarbe. Der Zusatz\n                      &amp;fotos folgte fast selbstverst\u00e4ndlich. Denn Farben sind heute ein fester Bestandteil meines Lebens \u2013 und ich dr\u00fccke mich vor allem in Fotos aus, nicht in Texten.<span><br><\/span><\/p>\n                    <p>Meine fotografische Reise begann mit einer Canon Powershot G2. Wir beide waren ein eingespieltes Team und haben viele besondere Momente festgehalten. Sp\u00e4ter wurde sie von einer Olympus E-30 abgel\u00f6st, und schlie\u00dflich kam noch eine Olympus\n                      E-M10 II hinzu. Heute begleitet mich im Alltag meistens nur noch das Handy \u2013 handlicher, leichter und immer griffbereit in der Hosentasche.<\/p>\n                    <p>Aber egal mit welcher Kamera: Das Wichtigste bleibt, den Moment zu sehen, bevor er vergeht. Keine Eile, kein Zwang. Nur das bewusste Innehalten, das Schauen, das Festhalten. Fotografieren bedeutet f\u00fcr mich Entschleunigung \u2013 ein kurzer\n                      Augenblick Ruhe in einer schnellen Welt.<\/p>\n                    <p>\n                      <br>\n                    <\/p>\n                  <\/div>\n                <\/div>\n              <\/div>\n            <\/div>\n          <\/div>\n        <\/div>\n      <\/div>\n    <\/div>\n  <\/div>\n<\/div>","protected":false},"excerpt":{"rendered":"<p>Als ich noch ein junges M\u00e4dchen war, meinte einmal eine alte Freundin zu [&hellip;]<\/p>\n","protected":false},"author":1,"featured_media":0,"parent":0,"menu_order":0,"comment_status":"closed","ping_status":"closed","template":"page-templates\/full-width-page.php","meta":{"footnotes":""},"class_list":["post-5525","page","type-page","status-publish","hentry"],"_links":{"self":[{"href":"http:\/\/www.diegluecksburger.de\/life\/wp-json\/wp\/v2\/pages\/5525","targetHints":{"allow":["GET"]}}],"collection":[{"href":"http:\/\/www.diegluecksburger.de\/life\/wp-json\/wp\/v2\/pages"}],"about":[{"href":"http:\/\/www.diegluecksburger.de\/life\/wp-json\/wp\/v2\/types\/page"}],"author":[{"embeddable":true,"href":"http:\/\/www.diegluecksburger.de\/life\/wp-json\/wp\/v2\/users\/1"}],"replies":[{"embeddable":true,"href":"http:\/\/www.diegluecksburger.de\/life\/wp-json\/wp\/v2\/comments?post=5525"}],"version-history":[{"count":4,"href":"http:\/\/www.diegluecksburger.de\/life\/wp-json\/wp\/v2\/pages\/5525\/revisions"}],"predecessor-version":[{"id":5552,"href":"http:\/\/www.diegluecksburger.de\/life\/wp-json\/wp\/v2\/pages\/5525\/revisions\/5552"}],"wp:attachment":[{"href":"http:\/\/www.diegluecksburger.de\/life\/wp-json\/wp\/v2\/media?parent=5525"}],"curies":[{"name":"wp","href":"https:\/\/api.w.org\/{rel}","templated":true}]}}