{"id":137,"date":"2008-04-28T11:58:07","date_gmt":"2008-04-28T09:58:07","guid":{"rendered":"http:\/\/www.diegluecksburger.de\/life\/?page_id=137"},"modified":"2016-12-18T23:33:07","modified_gmt":"2016-12-18T22:33:07","slug":"impressum","status":"publish","type":"page","link":"http:\/\/www.diegluecksburger.de\/life\/impressum\/","title":{"rendered":"Impressum"},"content":{"rendered":"<p style=\"text-align: left;\"><span style=\"color: #000000;\">f\u00fcr ein rein privates, nicht kommerzielles Weblog<\/span><\/p>\n<p style=\"text-align: left;\"><span style=\"color: #000000;\"><strong>kontakt<\/strong><br \/>\nfroehling [at] diegluecksburger [punkt]&#8220;\u00a0 de<br \/>\nAdresse kann per Mail angefordert werden.<\/span><\/p>\n<p style=\"text-align: left;\">&nbsp;<\/p>\n<p style=\"text-align: left;\"><span style=\"color: #000000;\"><strong>haftungsausschlu\u00df<\/strong><br \/>\n<a>klick<\/a><\/span><\/p>\n<p style=\"text-align: left;\"><span style=\"color: #000000;\"> <\/span><\/p>\n<p style=\"text-align: left;\"><span style=\"color: #000000;\">dieses Blog nutzt und w\u00fcnscht die Kommentarfunktionen. Auf den Inhalt der, von mir nicht geschrieben, Kommentare habe ich keinen Einflu\u00df und sie spiegeln nicht zwingend meine Meinung wieder. Sollte ein Kommentar gegen geltendes Recht oder, f\u00fcr mich, moralisch nicht vertretbar sein, halte ich mir das Recht vor diesen zu l\u00f6schen. Ebenso verh\u00e4lt es sich mit den von mir gelinkten Webseiten und anderen Blogs. F\u00fcr deren Inhalt bin ich nicht verantwortlich.<\/span><\/p>\n<p style=\"text-align: left;\"><span style=\"color: #000000;\">Soweit es nicht anders angegeben ist, unterliegen s\u00e4mtliche <strong>Fotos<\/strong> meinem Urheberrecht. Sie d\u00fcrfen ohne Genehmigung weder kopiert noch abgespeichert werden.<\/span><\/p>\n","protected":false},"excerpt":{"rendered":"<p>f\u00fcr ein rein privates, nicht kommerzielles Weblog kontakt froehling [at] diegluecksburger [punkt]&#8220;\u00a0 de [&hellip;]<\/p>\n","protected":false},"author":1,"featured_media":0,"parent":0,"menu_order":0,"comment_status":"closed","ping_status":"closed","template":"","meta":{"footnotes":""},"class_list":["post-137","page","type-page","status-publish","hentry"],"_links":{"self":[{"href":"http:\/\/www.diegluecksburger.de\/life\/wp-json\/wp\/v2\/pages\/137","targetHints":{"allow":["GET"]}}],"collection":[{"href":"http:\/\/www.diegluecksburger.de\/life\/wp-json\/wp\/v2\/pages"}],"about":[{"href":"http:\/\/www.diegluecksburger.de\/life\/wp-json\/wp\/v2\/types\/page"}],"author":[{"embeddable":true,"href":"http:\/\/www.diegluecksburger.de\/life\/wp-json\/wp\/v2\/users\/1"}],"replies":[{"embeddable":true,"href":"http:\/\/www.diegluecksburger.de\/life\/wp-json\/wp\/v2\/comments?post=137"}],"version-history":[{"count":0,"href":"http:\/\/www.diegluecksburger.de\/life\/wp-json\/wp\/v2\/pages\/137\/revisions"}],"wp:attachment":[{"href":"http:\/\/www.diegluecksburger.de\/life\/wp-json\/wp\/v2\/media?parent=137"}],"curies":[{"name":"wp","href":"https:\/\/api.w.org\/{rel}","templated":true}]}}